{"id":2183,"date":"2026-02-14T16:13:03","date_gmt":"2026-02-14T16:13:03","guid":{"rendered":"https:\/\/weltenschaukel.de\/?page_id=2183"},"modified":"2026-02-16T16:12:18","modified_gmt":"2026-02-16T16:12:18","slug":"datenschutzerklaerung","status":"publish","type":"page","link":"https:\/\/weltenschaukel.de\/?page_id=2183","title":{"rendered":"Datenschutzerkl\u00e4rung"},"content":{"rendered":"\t\t<div data-elementor-type=\"wp-page\" data-elementor-id=\"2183\" class=\"elementor elementor-2183\">\n\t\t\t\t<div class=\"elementor-element elementor-element-c282247 e-flex e-con-boxed e-con e-parent\" data-id=\"c282247\" data-element_type=\"container\" data-e-type=\"container\">\n\t\t\t\t\t<div class=\"e-con-inner\">\n\t\t\t\t<div class=\"elementor-element elementor-element-edeed07 elementor-widget elementor-widget-text-editor\" data-id=\"edeed07\" data-element_type=\"widget\" data-e-type=\"widget\" data-widget_type=\"text-editor.default\">\n\t\t\t\t<div class=\"elementor-widget-container\">\n\t\t\t\t\t\t\t\t\t<h1>\u00a0<\/h1><p style=\"font-weight: 400;\">Stand: Februar 2026<\/p><h2>1. Verantwortlicher<\/h2><p style=\"font-weight: 400;\">Verantwortlich f\u00fcr die Datenverarbeitung auf dieser Website ist:<\/p><p style=\"font-weight: 400;\"><strong>Eckart Brandau<\/strong><\/p><p style=\"font-weight: 400;\">Vertrieb kreativer Ideen und Produkte<\/p><p style=\"font-weight: 400;\">Spielraumgestaltung<\/p><p style=\"font-weight: 400;\">Ziegelh\u00fctte 1<\/p><p style=\"font-weight: 400;\">92280 Kastl<\/p><p style=\"font-weight: 400;\">Deutschland<\/p><p style=\"font-weight: 400;\">Tel.: 09625 1331<\/p><p style=\"font-weight: 400;\"><span style=\"font-style: inherit; text-align: var(--text-align);\">Mobil: 0171 7306874<\/span><\/p><p style=\"font-weight: 400;\">E-Mail: Eckart-Brandau@T-Online.de oder Eckart.Brandau@weltenschaukel.de<\/p><h2>2. Allgemeine Hinweise zur Datenverarbeitung<\/h2><p style=\"font-weight: 400;\">Wir nehmen den Schutz Ihrer pers\u00f6nlichen Daten sehr ernst. Wir behandeln Ihre personenbezogenen Daten vertraulich und entsprechend der gesetzlichen Datenschutzvorschriften sowie dieser Datenschutzerkl\u00e4rung. Die Nutzung unserer Website ist in der Regel ohne Angabe personenbezogener Daten m\u00f6glich. Soweit auf unseren Seiten personenbezogene Daten (beispielsweise Name, Anschrift oder E-Mail-Adressen) erhoben werden, erfolgt dies, soweit m\u00f6glich, stets auf freiwilliger Basis.<\/p><h2>3. Erhebung und Speicherung personenbezogener Daten<\/h2><p style=\"font-weight: 400;\"><strong>3.1 Beim Besuch der Website<\/strong><\/p><p style=\"font-weight: 400;\">Beim Aufrufen unserer Website werden durch den auf Ihrem Endger\u00e4t zum Einsatz kommenden Browser automatisch Informationen an den Server unserer Website gesendet. Diese Informationen werden tempor\u00e4r in einem sogenannten Logfile gespeichert. Folgende Informationen werden dabei ohne Ihr Zutun erfasst und bis zur automatisierten L\u00f6schung gespeichert:<\/p><ul><li>IP-Adresse des anfragenden Rechners<\/li><li>Datum und Uhrzeit des Zugriffs<\/li><li>Name und URL der abgerufenen Datei<\/li><li>Website, von der aus der Zugriff erfolgt (Referrer-URL)<\/li><li>Verwendeter Browser und ggf. das Betriebssystem Ihres Rechners<\/li><li>Name Ihres Access-Providers<\/li><\/ul><p style=\"font-weight: 400;\">Die genannten Daten werden durch uns zu folgenden Zwecken verarbeitet: Gew\u00e4hrleistung eines reibungslosen Verbindungsaufbaus der Website, Gew\u00e4hrleistung einer komfortablen Nutzung unserer Website, Auswertung der Systemsicherheit und -stabilit\u00e4t sowie zu weiteren administrativen Zwecken. Die Rechtsgrundlage f\u00fcr die Datenverarbeitung ist Art. 6 Abs. 1 S. 1 lit. f DSGVO. Unser berechtigtes Interesse folgt aus den oben aufgelisteten Zwecken zur Datenerhebung.<\/p><p style=\"font-weight: 400;\"><strong>3.2 Bei Kontaktaufnahme<\/strong><\/p><p style=\"font-weight: 400;\">Bei Ihrer Kontaktaufnahme mit uns per E-Mail oder \u00fcber ein Kontaktformular werden die von Ihnen mitgeteilten Daten (Ihre E-Mail-Adresse, ggf. Ihr Name und Ihre Telefonnummer) von uns gespeichert, um Ihre Fragen zu beantworten. Die in diesem Zusammenhang anfallenden Daten l\u00f6schen wir, nachdem die Speicherung nicht mehr erforderlich ist, oder schr\u00e4nken die Verarbeitung ein, falls gesetzliche Aufbewahrungspflichten bestehen. Die Rechtsgrundlage f\u00fcr die Verarbeitung der Daten ist Art. 6 Abs. 1 S. 1 lit. f DSGVO. Unser berechtigtes Interesse liegt in der Beantwortung Ihrer Anfrage.<\/p><h2>4. Weitergabe von Daten<\/h2><p style=\"font-weight: 400;\">Eine \u00dcbermittlung Ihrer pers\u00f6nlichen Daten an Dritte zu anderen als den im Folgenden aufgef\u00fchrten Zwecken findet nicht statt. Wir geben Ihre pers\u00f6nlichen Daten nur an Dritte weiter, wenn Sie Ihre ausdr\u00fcckliche Einwilligung dazu erteilt haben, die Weitergabe nach Art. 6 Abs. 1 S. 1 lit. f DSGVO zur Geltendmachung, Aus\u00fcbung oder Verteidigung von Rechtsanspr\u00fcchen erforderlich ist und kein Grund zur Annahme besteht, dass Sie ein \u00fcberwiegendes schutzw\u00fcrdiges Interesse an der Nichtweitergabe Ihrer Daten haben, oder f\u00fcr die Weitergabe eine gesetzliche Verpflichtung besteht.<\/p><h2>5. Cookies<\/h2><p style=\"font-weight: 400;\">Unsere Website verwendet derzeit keine Cookies. Sollten Sie auf dieser Website Formulare ausf\u00fcllen, k\u00f6nnen tempor\u00e4re Session-Cookies zum Einsatz kommen, die ausschlie\u00dflich der technischen Funktionalit\u00e4t dienen und nach Schlie\u00dfen des Browsers automatisch gel\u00f6scht werden.<\/p><h2>6. SSL-\/TLS-Verschl\u00fcsselung<\/h2><p style=\"font-weight: 400;\">Diese Seite nutzt aus Sicherheitsgr\u00fcnden und zum Schutz der \u00dcbertragung vertraulicher Inhalte, wie zum Beispiel Anfragen, die Sie an uns als Seitenbetreiber senden, eine SSL-bzw. TLS-Verschl\u00fcsselung. Eine verschl\u00fcsselte Verbindung erkennen Sie daran, dass die Adresszeile des Browsers von &#8222;http:\/\/&#8220; auf &#8222;https:\/\/&#8220; wechselt und an dem Schloss-Symbol in Ihrer Browserzeile.<\/p><h2>7. Ihre Rechte<\/h2><p style=\"font-weight: 400;\">Sie haben gegen\u00fcber uns folgende Rechte hinsichtlich der Sie betreffenden personenbezogenen Daten:<\/p><ul><li>Recht auf Auskunft (Art. 15 DSGVO)<\/li><li>Recht auf Berichtigung (Art. 16 DSGVO)<\/li><li>Recht auf L\u00f6schung (Art. 17 DSGVO)<\/li><li>Recht auf Einschr\u00e4nkung der Verarbeitung (Art. 18 DSGVO)<\/li><li>Recht auf Daten\u00fcbertragbarkeit (Art. 20 DSGVO)<\/li><li>Recht auf Widerspruch gegen die Verarbeitung (Art. 21 DSGVO)<\/li><\/ul><h2>8. Widerspruchsrecht<\/h2><p style=\"font-weight: 400;\">Sofern Ihre personenbezogenen Daten auf Grundlage von berechtigten Interessen gem\u00e4\u00df Art. 6 Abs. 1 S. 1 lit. f DSGVO verarbeitet werden, haben Sie das Recht, gem\u00e4\u00df Art. 21 DSGVO Widerspruch gegen die Verarbeitung Ihrer personenbezogenen Daten einzulegen, soweit daf\u00fcr Gr\u00fcnde vorliegen, die sich aus Ihrer besonderen Situation ergeben.<\/p><h2>9. Beschwerderecht bei der Aufsichtsbeh\u00f6rde<\/h2><p style=\"font-weight: 400;\">Sie haben das Recht, sich bei einer Datenschutz-Aufsichtsbeh\u00f6rde \u00fcber die Verarbeitung Ihrer personenbezogenen Daten durch uns zu beschweren. Die f\u00fcr uns zust\u00e4ndige Aufsichtsbeh\u00f6rde ist:<\/p><p style=\"font-weight: 400;\"><strong>Bayerisches Landesamt f\u00fcr Datenschutzaufsicht (BayLDA)<\/strong><\/p><p style=\"font-weight: 400;\">Promenade 18<\/p><p style=\"font-weight: 400;\">91522 Ansbach<\/p><p style=\"font-weight: 400;\">Tel.: 0981 180093-0<\/p><p style=\"font-weight: 400;\">E-Mail: poststelle@lda.bayern.de<\/p><p style=\"font-weight: 400;\">Website: www.lda.bayern.de<\/p><h2>10. Aktualit\u00e4t und \u00c4nderung dieser Datenschutzerkl\u00e4rung<\/h2><p style=\"font-weight: 400;\">Diese Datenschutzerkl\u00e4rung ist aktuell g\u00fcltig und hat den Stand Februar 2026. Durch die Weiterentwicklung unserer Website und Angebote dar\u00fcber oder aufgrund ge\u00e4nderter gesetzlicher beziehungsweise beh\u00f6rdlicher Vorgaben kann es notwendig werden, diese Datenschutzerkl\u00e4rung zu \u00e4ndern. Die jeweils aktuelle Datenschutzerkl\u00e4rung kann jederzeit auf der Website von Ihnen abgerufen und ausgedruckt werden.<\/p>\t\t\t\t\t\t\t\t<\/div>\n\t\t\t\t<\/div>\n\t\t\t\t\t<\/div>\n\t\t\t\t<\/div>\n\t\t\t\t<\/div>\n\t\t","protected":false},"excerpt":{"rendered":"<p>\u00a0 Stand: Februar 2026 1. Verantwortlicher Verantwortlich f\u00fcr die Datenverarbeitung auf dieser Website ist: Eckart Brandau Vertrieb kreativer Ideen und Produkte Spielraumgestaltung Ziegelh\u00fctte 1 92280 Kastl Deutschland Tel.: 09625 1331 Mobil: 0171 7306874 E-Mail: Eckart-Brandau@T-Online.de oder Eckart.Brandau@weltenschaukel.de 2. Allgemeine Hinweise zur Datenverarbeitung Wir nehmen den Schutz Ihrer pers\u00f6nlichen Daten sehr ernst. Wir behandeln Ihre personenbezogenen [&hellip;]<\/p>\n","protected":false},"author":1,"featured_media":0,"parent":0,"menu_order":0,"comment_status":"closed","ping_status":"closed","template":"","meta":{"site-sidebar-layout":"no-sidebar","site-content-layout":"page-builder","ast-site-content-layout":"full-width-container","site-content-style":"default","site-sidebar-style":"default","ast-global-header-display":"","ast-banner-title-visibility":"","ast-main-header-display":"","ast-hfb-above-header-display":"","ast-hfb-below-header-display":"","ast-hfb-mobile-header-display":"","site-post-title":"","ast-breadcrumbs-content":"","ast-featured-img":"disabled","footer-sml-layout":"","ast-disable-related-posts":"","theme-transparent-header-meta":"","adv-header-id-meta":"","stick-header-meta":"","header-above-stick-meta":"","header-main-stick-meta":"","header-below-stick-meta":"","astra-migrate-meta-layouts":"default","ast-page-background-enabled":"default","ast-page-background-meta":{"desktop":{"background-color":"var(--ast-global-color-4)","background-image":"","background-repeat":"repeat","background-position":"center center","background-size":"auto","background-attachment":"scroll","background-type":"","background-media":"","overlay-type":"","overlay-color":"","overlay-opacity":"","overlay-gradient":""},"tablet":{"background-color":"","background-image":"","background-repeat":"repeat","background-position":"center center","background-size":"auto","background-attachment":"scroll","background-type":"","background-media":"","overlay-type":"","overlay-color":"","overlay-opacity":"","overlay-gradient":""},"mobile":{"background-color":"","background-image":"","background-repeat":"repeat","background-position":"center center","background-size":"auto","background-attachment":"scroll","background-type":"","background-media":"","overlay-type":"","overlay-color":"","overlay-opacity":"","overlay-gradient":""}},"ast-content-background-meta":{"desktop":{"background-color":"var(--ast-global-color-5)","background-image":"","background-repeat":"repeat","background-position":"center center","background-size":"auto","background-attachment":"scroll","background-type":"","background-media":"","overlay-type":"","overlay-color":"","overlay-opacity":"","overlay-gradient":""},"tablet":{"background-color":"var(--ast-global-color-5)","background-image":"","background-repeat":"repeat","background-position":"center center","background-size":"auto","background-attachment":"scroll","background-type":"","background-media":"","overlay-type":"","overlay-color":"","overlay-opacity":"","overlay-gradient":""},"mobile":{"background-color":"var(--ast-global-color-5)","background-image":"","background-repeat":"repeat","background-position":"center center","background-size":"auto","background-attachment":"scroll","background-type":"","background-media":"","overlay-type":"","overlay-color":"","overlay-opacity":"","overlay-gradient":""}},"footnotes":""},"class_list":["post-2183","page","type-page","status-publish","hentry"],"_links":{"self":[{"href":"https:\/\/weltenschaukel.de\/index.php?rest_route=\/wp\/v2\/pages\/2183","targetHints":{"allow":["GET"]}}],"collection":[{"href":"https:\/\/weltenschaukel.de\/index.php?rest_route=\/wp\/v2\/pages"}],"about":[{"href":"https:\/\/weltenschaukel.de\/index.php?rest_route=\/wp\/v2\/types\/page"}],"author":[{"embeddable":true,"href":"https:\/\/weltenschaukel.de\/index.php?rest_route=\/wp\/v2\/users\/1"}],"replies":[{"embeddable":true,"href":"https:\/\/weltenschaukel.de\/index.php?rest_route=%2Fwp%2Fv2%2Fcomments&post=2183"}],"version-history":[{"count":7,"href":"https:\/\/weltenschaukel.de\/index.php?rest_route=\/wp\/v2\/pages\/2183\/revisions"}],"predecessor-version":[{"id":2223,"href":"https:\/\/weltenschaukel.de\/index.php?rest_route=\/wp\/v2\/pages\/2183\/revisions\/2223"}],"wp:attachment":[{"href":"https:\/\/weltenschaukel.de\/index.php?rest_route=%2Fwp%2Fv2%2Fmedia&parent=2183"}],"curies":[{"name":"wp","href":"https:\/\/api.w.org\/{rel}","templated":true}]}}